 {"id":8,"date":"2023-11-13T13:53:46","date_gmt":"2023-11-13T16:53:46","guid":{"rendered":"https:\/\/ppci.j2rengenharia.com.br\/?page_id=8"},"modified":"2025-09-09T10:04:18","modified_gmt":"2025-09-09T13:04:18","slug":"ppci","status":"publish","type":"page","link":"https:\/\/ppci.j2rengenharia.com.br\/","title":{"rendered":"PPCI"},"content":{"rendered":"\t\t<div data-elementor-type=\"wp-post\" data-elementor-id=\"8\" class=\"elementor elementor-8\">\n\t\t\t\t<div class=\"elementor-element elementor-element-176e2d3d e-flex e-con-boxed e-con e-parent\" data-id=\"176e2d3d\" data-element_type=\"container\" data-settings=\"{&quot;background_background&quot;:&quot;classic&quot;}\">\n\t\t\t\t\t<div class=\"e-con-inner\">\n\t\t\t\t<div class=\"elementor-element elementor-element-fff2086 elementor-widget elementor-widget-image\" data-id=\"fff2086\" data-element_type=\"widget\" data-widget_type=\"image.default\">\n\t\t\t\t<div class=\"elementor-widget-container\">\n\t\t\t\t\t\t\t\t\t\t\t\t\t\t<a href=\"http:\/\/j2rengenharia.com.br\">\n\t\t\t\t\t\t\t<img fetchpriority=\"high\" decoding=\"async\" width=\"800\" height=\"494\" src=\"https:\/\/ppci.j2rengenharia.com.br\/wp-content\/uploads\/2023\/11\/logo-pdf-1-01-1024x632.png\" class=\"attachment-large size-large wp-image-20\" alt=\"\" srcset=\"https:\/\/ppci.j2rengenharia.com.br\/wp-content\/uploads\/2023\/11\/logo-pdf-1-01-1024x632.png 1024w, https:\/\/ppci.j2rengenharia.com.br\/wp-content\/uploads\/2023\/11\/logo-pdf-1-01-300x185.png 300w, https:\/\/ppci.j2rengenharia.com.br\/wp-content\/uploads\/2023\/11\/logo-pdf-1-01-768x474.png 768w, https:\/\/ppci.j2rengenharia.com.br\/wp-content\/uploads\/2023\/11\/logo-pdf-1-01-1536x948.png 1536w, https:\/\/ppci.j2rengenharia.com.br\/wp-content\/uploads\/2023\/11\/logo-pdf-1-01-2048x1264.png 2048w\" sizes=\"(max-width: 800px) 100vw, 800px\" \/>\t\t\t\t\t\t\t\t<\/a>\n\t\t\t\t\t\t\t\t\t\t\t\t\t<\/div>\n\t\t\t\t<\/div>\n\t\t\t\t<div class=\"elementor-element elementor-element-76a267e2 elementor-widget elementor-widget-heading\" data-id=\"76a267e2\" data-element_type=\"widget\" data-widget_type=\"heading.default\">\n\t\t\t\t<div class=\"elementor-widget-container\">\n\t\t\t<h1 class=\"elementor-heading-title elementor-size-default\">Especialista em PPCI<\/h1>\t\t<\/div>\n\t\t\t\t<\/div>\n\t\t\t\t\t<\/div>\n\t\t\t\t<\/div>\n\t\t<div class=\"elementor-element elementor-element-39a27d81 e-con-full e-flex e-con e-parent\" data-id=\"39a27d81\" data-element_type=\"container\" data-settings=\"{&quot;background_background&quot;:&quot;classic&quot;}\">\n\t\t<div class=\"elementor-element elementor-element-6ea0ed9c e-con-full e-flex e-con e-child\" data-id=\"6ea0ed9c\" data-element_type=\"container\">\n\t\t\t\t<div class=\"elementor-element elementor-element-be27a7c elementor-widget elementor-widget-image\" data-id=\"be27a7c\" data-element_type=\"widget\" data-widget_type=\"image.default\">\n\t\t\t\t<div class=\"elementor-widget-container\">\n\t\t\t\t\t\t\t\t\t\t\t\t\t<img decoding=\"async\" src=\"https:\/\/ppci.j2rengenharia.com.br\/wp-content\/uploads\/2023\/11\/IMG_8355.png\" title=\"IMG_8355\" alt=\"\" loading=\"lazy\" \/>\t\t\t\t\t\t\t\t\t\t\t\t\t<\/div>\n\t\t\t\t<\/div>\n\t\t\t\t<\/div>\n\t\t<div class=\"elementor-element elementor-element-2f5dd3aa e-con-full e-flex e-con e-child\" data-id=\"2f5dd3aa\" data-element_type=\"container\">\n\t\t\t\t<div class=\"elementor-element elementor-element-3c70efa8 elementor-widget elementor-widget-heading\" data-id=\"3c70efa8\" data-element_type=\"widget\" data-widget_type=\"heading.default\">\n\t\t\t\t<div class=\"elementor-widget-container\">\n\t\t\t<h1 class=\"elementor-heading-title elementor-size-default\">PPCI <\/h1>\t\t<\/div>\n\t\t\t\t<\/div>\n\t\t\t\t<div class=\"elementor-element elementor-element-1af3d01 elementor-widget elementor-widget-heading\" data-id=\"1af3d01\" data-element_type=\"widget\" data-widget_type=\"heading.default\">\n\t\t\t\t<div class=\"elementor-widget-container\">\n\t\t\t<h1 class=\"elementor-heading-title elementor-size-default\">PROJETO E EXECU\u00c7\u00c3O<\/h1>\t\t<\/div>\n\t\t\t\t<\/div>\n\t\t\t\t<div class=\"elementor-element elementor-element-4ef39385 elementor-widget elementor-widget-text-editor\" data-id=\"4ef39385\" data-element_type=\"widget\" data-widget_type=\"text-editor.default\">\n\t\t\t\t<div class=\"elementor-widget-container\">\n\t\t\t\t\t\t\t<p>A J2R Engenharia destaca-se como uma empresa especializada na elabora\u00e7\u00e3o de PPCI (Plano de Preven\u00e7\u00e3o\/Prote\u00e7\u00e3o e Combate a Inc\u00eandios), do projeto, a execu\u00e7\u00e3o (adequa\u00e7\u00e3o) dos equipamentos de seguran\u00e7a contra inc\u00eandios, bem como na elabora\u00e7\u00e3o de toda documenta\u00e7\u00e3o t\u00e9cnica e administrativa. Com uma equipe altamente qualificada e comprometida, a J2R Engenharia atua, visando a seguran\u00e7a e a conformidade com as normas t\u00e9cnicas vigentes, proporcionando ao cliente maior transpar\u00eancia e confian\u00e7a ao servi\u00e7o desenvolvido.<\/p>\t\t\t\t\t\t<\/div>\n\t\t\t\t<\/div>\n\t\t\t\t<\/div>\n\t\t\t\t<\/div>\n\t\t<div class=\"elementor-element elementor-element-62302986 e-con-full e-flex e-con e-parent\" data-id=\"62302986\" data-element_type=\"container\" data-settings=\"{&quot;background_background&quot;:&quot;classic&quot;}\">\n\t\t<div class=\"elementor-element elementor-element-bcbb45c e-con-full e-flex e-con e-child\" data-id=\"bcbb45c\" data-element_type=\"container\">\n\t\t\t\t<div class=\"elementor-element elementor-element-1f6ee08d elementor-widget elementor-widget-text-editor\" data-id=\"1f6ee08d\" data-element_type=\"widget\" data-widget_type=\"text-editor.default\">\n\t\t\t\t<div class=\"elementor-widget-container\">\n\t\t\t\t\t\t\t<p>A fase inicial do Plano de Preven\u00e7\u00e3o\/Prote\u00e7\u00e3o e Combate a Inc\u00eandios (PPCI) \u00e9 de suma import\u00e2ncia durante a nossa vistoria t\u00e9cnica, pois contribui significativamente para uma avalia\u00e7\u00e3o mais precisa das caracter\u00edsticas da edifica\u00e7\u00e3o.<\/p>\t\t\t\t\t\t<\/div>\n\t\t\t\t<\/div>\n\t\t\t\t<div class=\"elementor-element elementor-element-49320a25 elementor-widget elementor-widget-heading\" data-id=\"49320a25\" data-element_type=\"widget\" data-widget_type=\"heading.default\">\n\t\t\t\t<div class=\"elementor-widget-container\">\n\t\t\t<h2 class=\"elementor-heading-title elementor-size-default\">Tempo de aprova\u00e7\u00e3o do PPCI<\/h2>\t\t<\/div>\n\t\t\t\t<\/div>\n\t\t\t\t<div class=\"elementor-element elementor-element-620ba25 elementor-widget elementor-widget-text-editor\" data-id=\"620ba25\" data-element_type=\"widget\" data-widget_type=\"text-editor.default\">\n\t\t\t\t<div class=\"elementor-widget-container\">\n\t\t\t\t\t\t\t<p>Em aproximadamente 70% dos casos, requer de 60 a 90 dias para a aprova\u00e7\u00e3o do projeto\/plano, a partir da data de protocoliza\u00e7\u00e3o junto ao Corpo de Bombeiros Militar do Rio Grande do Sul (CBMRS). Para aqueles que n\u00e3o possuem projetos de suas edifica\u00e7\u00f5es, a J2R Engenharia assume a responsabilidade pela elabora\u00e7\u00e3o e execu\u00e7\u00e3o de todos os projetos e documentos t\u00e9cnicos e administrativos necess\u00e1rios e exigidos pelo CBMRS.<\/p>\t\t\t\t\t\t<\/div>\n\t\t\t\t<\/div>\n\t\t\t\t<\/div>\n\t\t<div class=\"elementor-element elementor-element-3adf2855 e-con-full e-flex e-con e-child\" data-id=\"3adf2855\" data-element_type=\"container\">\n\t\t\t\t<div class=\"elementor-element elementor-element-28c5992c elementor-widget elementor-widget-image\" data-id=\"28c5992c\" data-element_type=\"widget\" data-widget_type=\"image.default\">\n\t\t\t\t<div class=\"elementor-widget-container\">\n\t\t\t\t\t\t\t\t\t\t\t\t\t<img decoding=\"async\" width=\"576\" height=\"651\" src=\"https:\/\/ppci.j2rengenharia.com.br\/wp-content\/uploads\/2023\/11\/563f9940-b8f2-41f1-aec9-1d0a5d9290f3.jpg\" class=\"attachment-large size-large wp-image-23\" alt=\"\" srcset=\"https:\/\/ppci.j2rengenharia.com.br\/wp-content\/uploads\/2023\/11\/563f9940-b8f2-41f1-aec9-1d0a5d9290f3.jpg 576w, https:\/\/ppci.j2rengenharia.com.br\/wp-content\/uploads\/2023\/11\/563f9940-b8f2-41f1-aec9-1d0a5d9290f3-265x300.jpg 265w\" sizes=\"(max-width: 576px) 100vw, 576px\" \/>\t\t\t\t\t\t\t\t\t\t\t\t\t<\/div>\n\t\t\t\t<\/div>\n\t\t\t\t<\/div>\n\t\t\t\t<\/div>\n\t\t<div class=\"elementor-element elementor-element-633b1870 e-con-full e-flex e-con e-parent\" data-id=\"633b1870\" data-element_type=\"container\" data-settings=\"{&quot;background_background&quot;:&quot;classic&quot;}\">\n\t\t<div class=\"elementor-element elementor-element-2184a616 e-con-full e-flex e-con e-child\" data-id=\"2184a616\" data-element_type=\"container\">\n\t\t\t\t<div class=\"elementor-element elementor-element-9472c61 elementor-widget elementor-widget-heading\" data-id=\"9472c61\" data-element_type=\"widget\" data-widget_type=\"heading.default\">\n\t\t\t\t<div class=\"elementor-widget-container\">\n\t\t\t<h1 class=\"elementor-heading-title elementor-size-default\">Execu\u00e7\u00e3o<\/h1>\t\t<\/div>\n\t\t\t\t<\/div>\n\t\t\t\t<div class=\"elementor-element elementor-element-fefd62e elementor-widget elementor-widget-heading\" data-id=\"fefd62e\" data-element_type=\"widget\" data-widget_type=\"heading.default\">\n\t\t\t\t<div class=\"elementor-widget-container\">\n\t\t\t<h1 class=\"elementor-heading-title elementor-size-default\">e vistoria dos Bombeiros<\/h1>\t\t<\/div>\n\t\t\t\t<\/div>\n\t\t\t\t<div class=\"elementor-element elementor-element-24176d59 elementor-widget elementor-widget-text-editor\" data-id=\"24176d59\" data-element_type=\"widget\" data-widget_type=\"text-editor.default\">\n\t\t\t\t<div class=\"elementor-widget-container\">\n\t\t\t\t\t\t\t<p>A segunda fase do PPCI \u00e9 realizada ap\u00f3s a obten\u00e7\u00e3o do certificado de aprova\u00e7\u00e3o do plano, seguindo rigorosamente o projeto aprovado a J2R Engenharia, executa as adequa\u00e7\u00f5es dos equipamentos de seguran\u00e7a contra inc\u00eandios, na edifica\u00e7\u00e3o.<\/p>\t\t\t\t\t\t<\/div>\n\t\t\t\t<\/div>\n\t\t\t\t<\/div>\n\t\t<div class=\"elementor-element elementor-element-2d5ea75f e-con-full e-flex e-con e-child\" data-id=\"2d5ea75f\" data-element_type=\"container\">\n\t\t\t\t<div class=\"elementor-element elementor-element-28d66418 elementor-widget elementor-widget-image\" data-id=\"28d66418\" data-element_type=\"widget\" data-widget_type=\"image.default\">\n\t\t\t\t<div class=\"elementor-widget-container\">\n\t\t\t\t\t\t\t\t\t\t\t\t\t<img decoding=\"async\" src=\"https:\/\/ppci.j2rengenharia.com.br\/wp-content\/uploads\/2023\/11\/0f83a669-3ba1-43f9-85d2-d1d07790aa2e.jpg\" title=\"0f83a669-3ba1-43f9-85d2-d1d07790aa2e\" alt=\"\" loading=\"lazy\" \/>\t\t\t\t\t\t\t\t\t\t\t\t\t<\/div>\n\t\t\t\t<\/div>\n\t\t\t\t<\/div>\n\t\t\t\t<\/div>\n\t\t<div class=\"elementor-element elementor-element-d8ce96a e-con-full e-flex e-con e-parent\" data-id=\"d8ce96a\" data-element_type=\"container\" data-settings=\"{&quot;background_background&quot;:&quot;classic&quot;}\">\n\t\t<div class=\"elementor-element elementor-element-7229f56 e-con-full e-flex e-con e-child\" data-id=\"7229f56\" data-element_type=\"container\">\n\t\t\t\t<div class=\"elementor-element elementor-element-800ceb3 elementor-widget elementor-widget-heading\" data-id=\"800ceb3\" data-element_type=\"widget\" data-widget_type=\"heading.default\">\n\t\t\t\t<div class=\"elementor-widget-container\">\n\t\t\t<h2 class=\"elementor-heading-title elementor-size-default\">A \u00faltima fase do processo<\/h2>\t\t<\/div>\n\t\t\t\t<\/div>\n\t\t\t\t<div class=\"elementor-element elementor-element-a64a129 elementor-widget elementor-widget-text-editor\" data-id=\"a64a129\" data-element_type=\"widget\" data-widget_type=\"text-editor.default\">\n\t\t\t\t<div class=\"elementor-widget-container\">\n\t\t\t\t\t\t\t<p>A J2R Engenharia, como executora das adequa\u00e7\u00f5es, fornece em benef\u00edcio ao cliente (sem custos), o treinamento aos brigadistas necess\u00e1rios (indicados no processo), acompanha e agenda a vistoria junto ao CBMRS, para avalia\u00e7\u00e3o e libera\u00e7\u00e3o do Alvar\u00e1 de PPCI (APPCI), compondo toda a documenta\u00e7\u00e3o t\u00e9cnica e administrativa necess\u00e1ria nessa \u00faltima etapa.<\/p>\t\t\t\t\t\t<\/div>\n\t\t\t\t<\/div>\n\t\t\t\t<\/div>\n\t\t<div class=\"elementor-element elementor-element-76a85ea e-con-full e-flex e-con e-child\" data-id=\"76a85ea\" data-element_type=\"container\">\n\t\t\t\t<div class=\"elementor-element elementor-element-2b5eb5f elementor-widget elementor-widget-image\" data-id=\"2b5eb5f\" data-element_type=\"widget\" data-widget_type=\"image.default\">\n\t\t\t\t<div class=\"elementor-widget-container\">\n\t\t\t\t\t\t\t\t\t\t\t\t\t<img decoding=\"async\" width=\"645\" height=\"802\" src=\"https:\/\/ppci.j2rengenharia.com.br\/wp-content\/uploads\/2023\/11\/2932a733-24ed-458c-b862-b6b1e02b3d39.jpg\" class=\"attachment-large size-large wp-image-24\" alt=\"\" srcset=\"https:\/\/ppci.j2rengenharia.com.br\/wp-content\/uploads\/2023\/11\/2932a733-24ed-458c-b862-b6b1e02b3d39.jpg 645w, https:\/\/ppci.j2rengenharia.com.br\/wp-content\/uploads\/2023\/11\/2932a733-24ed-458c-b862-b6b1e02b3d39-241x300.jpg 241w\" sizes=\"(max-width: 645px) 100vw, 645px\" \/>\t\t\t\t\t\t\t\t\t\t\t\t\t<\/div>\n\t\t\t\t<\/div>\n\t\t\t\t<\/div>\n\t\t\t\t<\/div>\n\t\t<div class=\"elementor-element elementor-element-3182fc4 e-con-full e-flex e-con e-parent\" data-id=\"3182fc4\" data-element_type=\"container\" data-settings=\"{&quot;background_background&quot;:&quot;classic&quot;}\">\n\t\t<div class=\"elementor-element elementor-element-696838f e-flex e-con-boxed e-con e-child\" data-id=\"696838f\" data-element_type=\"container\">\n\t\t\t\t\t<div class=\"e-con-inner\">\n\t\t\t\t<div class=\"elementor-element elementor-element-68c6de6 elementor-widget elementor-widget-heading\" data-id=\"68c6de6\" data-element_type=\"widget\" data-widget_type=\"heading.default\">\n\t\t\t\t<div class=\"elementor-widget-container\">\n\t\t\t<h2 class=\"elementor-heading-title elementor-size-default\">Perguntas frequentes<\/h2>\t\t<\/div>\n\t\t\t\t<\/div>\n\t\t<div class=\"elementor-element elementor-element-6e271b3 e-flex e-con-boxed e-con e-child\" data-id=\"6e271b3\" data-element_type=\"container\">\n\t\t\t\t\t<div class=\"e-con-inner\">\n\t\t\t\t<div class=\"elementor-element elementor-element-f8d6a8c elementor-widget elementor-widget-toggle\" data-id=\"f8d6a8c\" data-element_type=\"widget\" data-widget_type=\"toggle.default\">\n\t\t\t\t<div class=\"elementor-widget-container\">\n\t\t\t\t\t<div class=\"elementor-toggle\">\n\t\t\t\t\t\t\t<div class=\"elementor-toggle-item\">\n\t\t\t\t\t<div id=\"elementor-tab-title-2601\" class=\"elementor-tab-title\" data-tab=\"1\" role=\"button\" aria-controls=\"elementor-tab-content-2601\" aria-expanded=\"false\">\n\t\t\t\t\t\t\t\t\t\t\t\t<span class=\"elementor-toggle-icon elementor-toggle-icon-left\" aria-hidden=\"true\">\n\t\t\t\t\t\t\t\t\t\t\t\t\t\t\t<span class=\"elementor-toggle-icon-closed\"><svg class=\"e-font-icon-svg e-fas-caret-right\" viewBox=\"0 0 192 512\" xmlns=\"http:\/\/www.w3.org\/2000\/svg\"><path d=\"M0 384.662V127.338c0-17.818 21.543-26.741 34.142-14.142l128.662 128.662c7.81 7.81 7.81 20.474 0 28.284L34.142 398.804C21.543 411.404 0 402.48 0 384.662z\"><\/path><\/svg><\/span>\n\t\t\t\t\t\t\t\t<span class=\"elementor-toggle-icon-opened\"><svg class=\"elementor-toggle-icon-opened e-font-icon-svg e-fas-caret-up\" viewBox=\"0 0 320 512\" xmlns=\"http:\/\/www.w3.org\/2000\/svg\"><path d=\"M288.662 352H31.338c-17.818 0-26.741-21.543-14.142-34.142l128.662-128.662c7.81-7.81 20.474-7.81 28.284 0l128.662 128.662c12.6 12.599 3.676 34.142-14.142 34.142z\"><\/path><\/svg><\/span>\n\t\t\t\t\t\t\t\t\t\t\t\t\t<\/span>\n\t\t\t\t\t\t\t\t\t\t\t\t<a class=\"elementor-toggle-title\" tabindex=\"0\">H\u00e1 necessidade de adequa\u00e7\u00e3o quando n\u00e3o h\u00e1 hist\u00f3rico de acidentes na edifica\u00e7\u00e3o?<\/a>\n\t\t\t\t\t<\/div>\n\n\t\t\t\t\t<div id=\"elementor-tab-content-2601\" class=\"elementor-tab-content elementor-clearfix\" data-tab=\"1\" role=\"region\" aria-labelledby=\"elementor-tab-title-2601\"><p>A J2R Engenharia refor\u00e7a seu compromisso em continuar a \u201cPREVEN\u00c7\u00c3O\u201d de sinistros e acidentes, sempre em conformidade com a legisla\u00e7\u00e3o vigente, visando a seguran\u00e7a das edifica\u00e7\u00f5es e de seus usu\u00e1rios.<br \/>Ao abordar a quest\u00e3o dos equipamentos necess\u00e1rios, a J2R Engenharia realiza uma avalia\u00e7\u00e3o detalhada, considerando tanto a seguran\u00e7a dos usu\u00e1rios quanto o custo\/benef\u00edcio para a edifica\u00e7\u00e3o\/cliente.<\/p><\/div>\n\t\t\t\t<\/div>\n\t\t\t\t\t\t\t<div class=\"elementor-toggle-item\">\n\t\t\t\t\t<div id=\"elementor-tab-title-2602\" class=\"elementor-tab-title\" data-tab=\"2\" role=\"button\" aria-controls=\"elementor-tab-content-2602\" aria-expanded=\"false\">\n\t\t\t\t\t\t\t\t\t\t\t\t<span class=\"elementor-toggle-icon elementor-toggle-icon-left\" aria-hidden=\"true\">\n\t\t\t\t\t\t\t\t\t\t\t\t\t\t\t<span class=\"elementor-toggle-icon-closed\"><svg class=\"e-font-icon-svg e-fas-caret-right\" viewBox=\"0 0 192 512\" xmlns=\"http:\/\/www.w3.org\/2000\/svg\"><path d=\"M0 384.662V127.338c0-17.818 21.543-26.741 34.142-14.142l128.662 128.662c7.81 7.81 7.81 20.474 0 28.284L34.142 398.804C21.543 411.404 0 402.48 0 384.662z\"><\/path><\/svg><\/span>\n\t\t\t\t\t\t\t\t<span class=\"elementor-toggle-icon-opened\"><svg class=\"elementor-toggle-icon-opened e-font-icon-svg e-fas-caret-up\" viewBox=\"0 0 320 512\" xmlns=\"http:\/\/www.w3.org\/2000\/svg\"><path d=\"M288.662 352H31.338c-17.818 0-26.741-21.543-14.142-34.142l128.662-128.662c7.81-7.81 20.474-7.81 28.284 0l128.662 128.662c12.6 12.599 3.676 34.142-14.142 34.142z\"><\/path><\/svg><\/span>\n\t\t\t\t\t\t\t\t\t\t\t\t\t<\/span>\n\t\t\t\t\t\t\t\t\t\t\t\t<a class=\"elementor-toggle-title\" tabindex=\"0\">Quais taxas ser\u00e3o cobradas no processo de PPCI?<\/a>\n\t\t\t\t\t<\/div>\n\n\t\t\t\t\t<div id=\"elementor-tab-content-2602\" class=\"elementor-tab-content elementor-clearfix\" data-tab=\"2\" role=\"region\" aria-labelledby=\"elementor-tab-title-2602\"><p>Salientando nosso compromisso com a transpar\u00eancia junto ao cliente, as taxas, tanto na fase inicial de projeto, quanto na fase final de vistora, s\u00e3o cobradas pelo pr\u00f3prio CBMRS e a J2R Engenharia repassa diretamente ao cliente o boleto banc\u00e1rio para pagamento, ao qual variam de acordo com a \u00e1rea constru\u00edda da edifica\u00e7\u00e3o.<\/p><\/div>\n\t\t\t\t<\/div>\n\t\t\t\t\t\t\t\t<\/div>\n\t\t\t\t<\/div>\n\t\t\t\t<\/div>\n\t\t\t\t\t<\/div>\n\t\t\t\t<\/div>\n\t\t\t\t\t<\/div>\n\t\t\t\t<\/div>\n\t\t\t\t<\/div>\n\t\t<div class=\"elementor-element elementor-element-53fe0f2e e-flex e-con-boxed e-con e-parent\" data-id=\"53fe0f2e\" data-element_type=\"container\" data-settings=\"{&quot;background_background&quot;:&quot;classic&quot;}\">\n\t\t\t\t\t<div class=\"e-con-inner\">\n\t\t\t\t<div class=\"elementor-element elementor-element-5799f486 elementor-widget elementor-widget-heading\" data-id=\"5799f486\" data-element_type=\"widget\" data-widget_type=\"heading.default\">\n\t\t\t\t<div class=\"elementor-widget-container\">\n\t\t\t<h3 class=\"elementor-heading-title elementor-size-default\">Ao longo de quase uma d\u00e9cada, a J2R Engenharia realizou mais de:<\/h3>\t\t<\/div>\n\t\t\t\t<\/div>\n\t\t\t\t\t<\/div>\n\t\t\t\t<\/div>\n\t\t<div class=\"elementor-element elementor-element-934bd80 e-con-full e-flex e-con e-parent\" data-id=\"934bd80\" data-element_type=\"container\" data-settings=\"{&quot;background_background&quot;:&quot;classic&quot;}\">\n\t\t<div class=\"elementor-element elementor-element-8d3e432 e-con-full e-flex e-con e-child\" data-id=\"8d3e432\" data-element_type=\"container\">\n\t\t\t\t<div class=\"elementor-element elementor-element-0b9504a elementor-widget elementor-widget-counter\" data-id=\"0b9504a\" data-element_type=\"widget\" data-widget_type=\"counter.default\">\n\t\t\t\t<div class=\"elementor-widget-container\">\n\t\t\t\t\t<div class=\"elementor-counter\">\n\t\t\t<div class=\"elementor-counter-title\">projetos de PPCI aprovados<\/div>\t\t\t<div class=\"elementor-counter-number-wrapper\">\n\t\t\t\t<span class=\"elementor-counter-number-prefix\">+<\/span>\n\t\t\t\t<span class=\"elementor-counter-number\" data-duration=\"2000\" data-to-value=\"1.2\" data-from-value=\"0\" data-delimiter=\",\">0<\/span>\n\t\t\t\t<span class=\"elementor-counter-number-suffix\">mil<\/span>\n\t\t\t<\/div>\n\t\t<\/div>\n\t\t\t\t<\/div>\n\t\t\t\t<\/div>\n\t\t\t\t<\/div>\n\t\t<div class=\"elementor-element elementor-element-997d810 e-con-full e-flex e-con e-child\" data-id=\"997d810\" data-element_type=\"container\">\n\t\t\t\t<div class=\"elementor-element elementor-element-4782c36 elementor-widget elementor-widget-counter\" data-id=\"4782c36\" data-element_type=\"widget\" data-widget_type=\"counter.default\">\n\t\t\t\t<div class=\"elementor-widget-container\">\n\t\t\t\t\t<div class=\"elementor-counter\">\n\t\t\t<div class=\"elementor-counter-title\">servi\u00e7os de adequa\u00e7\u00f5es realizadas<\/div>\t\t\t<div class=\"elementor-counter-number-wrapper\">\n\t\t\t\t<span class=\"elementor-counter-number-prefix\">+<\/span>\n\t\t\t\t<span class=\"elementor-counter-number\" data-duration=\"2000\" data-to-value=\"600\" data-from-value=\"0\" data-delimiter=\",\">0<\/span>\n\t\t\t\t<span class=\"elementor-counter-number-suffix\"><\/span>\n\t\t\t<\/div>\n\t\t<\/div>\n\t\t\t\t<\/div>\n\t\t\t\t<\/div>\n\t\t\t\t<\/div>\n\t\t<div class=\"elementor-element elementor-element-6b45fd3 e-con-full e-flex e-con e-child\" data-id=\"6b45fd3\" data-element_type=\"container\">\n\t\t\t\t<div class=\"elementor-element elementor-element-43d239c elementor-widget elementor-widget-counter\" data-id=\"43d239c\" data-element_type=\"widget\" data-widget_type=\"counter.default\">\n\t\t\t\t<div class=\"elementor-widget-container\">\n\t\t\t\t\t<div class=\"elementor-counter\">\n\t\t\t<div class=\"elementor-counter-title\">Alvar\u00e1s de PPCI emitidos no RS<\/div>\t\t\t<div class=\"elementor-counter-number-wrapper\">\n\t\t\t\t<span class=\"elementor-counter-number-prefix\">+<\/span>\n\t\t\t\t<span class=\"elementor-counter-number\" data-duration=\"2000\" data-to-value=\"400\" data-from-value=\"0\" data-delimiter=\",\">0<\/span>\n\t\t\t\t<span class=\"elementor-counter-number-suffix\"><\/span>\n\t\t\t<\/div>\n\t\t<\/div>\n\t\t\t\t<\/div>\n\t\t\t\t<\/div>\n\t\t\t\t<\/div>\n\t\t\t\t<\/div>\n\t\t<div class=\"elementor-element elementor-element-6aaa0d1 e-flex e-con-boxed e-con e-parent\" data-id=\"6aaa0d1\" data-element_type=\"container\" data-settings=\"{&quot;background_background&quot;:&quot;classic&quot;}\">\n\t\t\t\t\t<div class=\"e-con-inner\">\n\t\t\t\t<div class=\"elementor-element elementor-element-bb1296b elementor-widget elementor-widget-text-editor\" data-id=\"bb1296b\" data-element_type=\"widget\" data-widget_type=\"text-editor.default\">\n\t\t\t\t<div class=\"elementor-widget-container\">\n\t\t\t\t\t\t\t<p>A realiza\u00e7\u00e3o do Plano de Preven\u00e7\u00e3o\/Prote\u00e7\u00e3o e Combate a Inc\u00eandios \u00e9 uma etapa fundamental para qualquer empreendimento, e contar com uma empresa experiente no mercado, como a J2R Engenharia, proporciona maior tranquilidade e confian\u00e7a.<\/p>\t\t\t\t\t\t<\/div>\n\t\t\t\t<\/div>\n\t\t\t\t<div class=\"elementor-element elementor-element-464c572 elementor-mobile-align-center elementor-align-center elementor-widget elementor-widget-button\" data-id=\"464c572\" data-element_type=\"widget\" data-widget_type=\"button.default\">\n\t\t\t\t<div class=\"elementor-widget-container\">\n\t\t\t\t\t<div class=\"elementor-button-wrapper\">\n\t\t\t<a class=\"elementor-button elementor-button-link elementor-size-sm\" href=\"https:\/\/api.whatsapp.com\/send?phone=555131045857&#038;text=Oi,%20vim%20do%20site%20e%20quero%20mais%20informa%C3%A7%C3%B5es\">\n\t\t\t\t\t\t<span class=\"elementor-button-content-wrapper\">\n\t\t\t\t\t\t<span class=\"elementor-button-icon\">\n\t\t\t\t<svg aria-hidden=\"true\" class=\"e-font-icon-svg e-fab-whatsapp\" viewBox=\"0 0 448 512\" xmlns=\"http:\/\/www.w3.org\/2000\/svg\"><path d=\"M380.9 97.1C339 55.1 283.2 32 223.9 32c-122.4 0-222 99.6-222 222 0 39.1 10.2 77.3 29.6 111L0 480l117.7-30.9c32.4 17.7 68.9 27 106.1 27h.1c122.3 0 224.1-99.6 224.1-222 0-59.3-25.2-115-67.1-157zm-157 341.6c-33.2 0-65.7-8.9-94-25.7l-6.7-4-69.8 18.3L72 359.2l-4.4-7c-18.5-29.4-28.2-63.3-28.2-98.2 0-101.7 82.8-184.5 184.6-184.5 49.3 0 95.6 19.2 130.4 54.1 34.8 34.9 56.2 81.2 56.1 130.5 0 101.8-84.9 184.6-186.6 184.6zm101.2-138.2c-5.5-2.8-32.8-16.2-37.9-18-5.1-1.9-8.8-2.8-12.5 2.8-3.7 5.6-14.3 18-17.6 21.8-3.2 3.7-6.5 4.2-12 1.4-32.6-16.3-54-29.1-75.5-66-5.7-9.8 5.7-9.1 16.3-30.3 1.8-3.7.9-6.9-.5-9.7-1.4-2.8-12.5-30.1-17.1-41.2-4.5-10.8-9.1-9.3-12.5-9.5-3.2-.2-6.9-.2-10.6-.2-3.7 0-9.7 1.4-14.8 6.9-5.1 5.6-19.4 19-19.4 46.3 0 27.3 19.9 53.7 22.6 57.4 2.8 3.7 39.1 59.7 94.8 83.8 35.2 15.2 49 16.5 66.6 13.9 10.7-1.6 32.8-13.4 37.4-26.4 4.6-13 4.6-24.1 3.2-26.4-1.3-2.5-5-3.9-10.5-6.6z\"><\/path><\/svg>\t\t\t<\/span>\n\t\t\t\t\t\t\t\t\t<span class=\"elementor-button-text\">FA\u00c7A SEU OR\u00c7AMENTO<\/span>\n\t\t\t\t\t<\/span>\n\t\t\t\t\t<\/a>\n\t\t<\/div>\n\t\t\t\t<\/div>\n\t\t\t\t<\/div>\n\t\t\t\t\t<\/div>\n\t\t\t\t<\/div>\n\t\t<div class=\"elementor-element elementor-element-6b7b077a e-flex e-con-boxed e-con e-parent\" data-id=\"6b7b077a\" data-element_type=\"container\" data-settings=\"{&quot;background_background&quot;:&quot;classic&quot;}\">\n\t\t\t\t\t<div class=\"e-con-inner\">\n\t\t\t\t<div class=\"elementor-element elementor-element-6e229aa2 elementor-widget elementor-widget-heading\" data-id=\"6e229aa2\" data-element_type=\"widget\" data-widget_type=\"heading.default\">\n\t\t\t\t<div class=\"elementor-widget-container\">\n\t\t\t<p class=\"elementor-heading-title elementor-size-default\">Marketing Digital por Batista Comunica\u00e7\u00e3o<\/p>\t\t<\/div>\n\t\t\t\t<\/div>\n\t\t\t\t\t<\/div>\n\t\t\t\t<\/div>\n\t\t\t\t<\/div>\n\t\t","protected":false},"excerpt":{"rendered":"<p>Especialista em PPCI PPCI PROJETO E EXECU\u00c7\u00c3O A J2R Engenharia destaca-se como uma empresa especializada na elabora\u00e7\u00e3o de PPCI (Plano de Preven\u00e7\u00e3o\/Prote\u00e7\u00e3o e Combate a Inc\u00eandios), do projeto, a execu\u00e7\u00e3o (adequa\u00e7\u00e3o) dos equipamentos de seguran\u00e7a contra inc\u00eandios, bem como na elabora\u00e7\u00e3o de toda documenta\u00e7\u00e3o t\u00e9cnica e administrativa. Com uma equipe altamente qualificada e comprometida, a [&hellip;]<\/p>\n","protected":false},"author":1,"featured_media":0,"parent":0,"menu_order":0,"comment_status":"closed","ping_status":"closed","template":"elementor_canvas","meta":{"footnotes":""},"_links":{"self":[{"href":"https:\/\/ppci.j2rengenharia.com.br\/index.php?rest_route=\/wp\/v2\/pages\/8"}],"collection":[{"href":"https:\/\/ppci.j2rengenharia.com.br\/index.php?rest_route=\/wp\/v2\/pages"}],"about":[{"href":"https:\/\/ppci.j2rengenharia.com.br\/index.php?rest_route=\/wp\/v2\/types\/page"}],"author":[{"embeddable":true,"href":"https:\/\/ppci.j2rengenharia.com.br\/index.php?rest_route=\/wp\/v2\/users\/1"}],"replies":[{"embeddable":true,"href":"https:\/\/ppci.j2rengenharia.com.br\/index.php?rest_route=%2Fwp%2Fv2%2Fcomments&post=8"}],"version-history":[{"count":39,"href":"https:\/\/ppci.j2rengenharia.com.br\/index.php?rest_route=\/wp\/v2\/pages\/8\/revisions"}],"predecessor-version":[{"id":75,"href":"https:\/\/ppci.j2rengenharia.com.br\/index.php?rest_route=\/wp\/v2\/pages\/8\/revisions\/75"}],"wp:attachment":[{"href":"https:\/\/ppci.j2rengenharia.com.br\/index.php?rest_route=%2Fwp%2Fv2%2Fmedia&parent=8"}],"curies":[{"name":"wp","href":"https:\/\/api.w.org\/{rel}","templated":true}]}}